{"id":6746,"date":"2025-07-30T09:42:43","date_gmt":"2025-07-30T02:42:43","guid":{"rendered":"https:\/\/ahoyhoianresort.com\/dinning\/"},"modified":"2025-10-02T17:05:34","modified_gmt":"2025-10-02T10:05:34","slug":"nha-hang-bar","status":"publish","type":"page","link":"https:\/\/ahoyhoianresort.com\/vi\/nha-hang-bar\/","title":{"rendered":"Nh\u00e0 h\u00e0ng &#038; Bar"},"content":{"rendered":"\t\t<div data-elementor-type=\"wp-page\" data-elementor-id=\"6746\" class=\"elementor elementor-6746 elementor-4070\" data-elementor-settings=\"{&quot;element_pack_global_tooltip_width&quot;:{&quot;unit&quot;:&quot;px&quot;,&quot;size&quot;:&quot;&quot;,&quot;sizes&quot;:[]},&quot;element_pack_global_tooltip_width_tablet&quot;:{&quot;unit&quot;:&quot;px&quot;,&quot;size&quot;:&quot;&quot;,&quot;sizes&quot;:[]},&quot;element_pack_global_tooltip_width_mobile&quot;:{&quot;unit&quot;:&quot;px&quot;,&quot;size&quot;:&quot;&quot;,&quot;sizes&quot;:[]},&quot;element_pack_global_tooltip_padding&quot;:{&quot;unit&quot;:&quot;px&quot;,&quot;top&quot;:&quot;&quot;,&quot;right&quot;:&quot;&quot;,&quot;bottom&quot;:&quot;&quot;,&quot;left&quot;:&quot;&quot;,&quot;isLinked&quot;:true},&quot;element_pack_global_tooltip_padding_tablet&quot;:{&quot;unit&quot;:&quot;px&quot;,&quot;top&quot;:&quot;&quot;,&quot;right&quot;:&quot;&quot;,&quot;bottom&quot;:&quot;&quot;,&quot;left&quot;:&quot;&quot;,&quot;isLinked&quot;:true},&quot;element_pack_global_tooltip_padding_mobile&quot;:{&quot;unit&quot;:&quot;px&quot;,&quot;top&quot;:&quot;&quot;,&quot;right&quot;:&quot;&quot;,&quot;bottom&quot;:&quot;&quot;,&quot;left&quot;:&quot;&quot;,&quot;isLinked&quot;:true},&quot;element_pack_global_tooltip_border_radius&quot;:{&quot;unit&quot;:&quot;px&quot;,&quot;top&quot;:&quot;&quot;,&quot;right&quot;:&quot;&quot;,&quot;bottom&quot;:&quot;&quot;,&quot;left&quot;:&quot;&quot;,&quot;isLinked&quot;:true},&quot;element_pack_global_tooltip_border_radius_tablet&quot;:{&quot;unit&quot;:&quot;px&quot;,&quot;top&quot;:&quot;&quot;,&quot;right&quot;:&quot;&quot;,&quot;bottom&quot;:&quot;&quot;,&quot;left&quot;:&quot;&quot;,&quot;isLinked&quot;:true},&quot;element_pack_global_tooltip_border_radius_mobile&quot;:{&quot;unit&quot;:&quot;px&quot;,&quot;top&quot;:&quot;&quot;,&quot;right&quot;:&quot;&quot;,&quot;bottom&quot;:&quot;&quot;,&quot;left&quot;:&quot;&quot;,&quot;isLinked&quot;:true}}\" data-elementor-post-type=\"page\">\n\t\t\t\t\t\t<section class=\"elementor-section elementor-top-section elementor-element elementor-element-7c9a6a0b elementor-section-height-min-height elementor-section-items-bottom elementor-section-boxed elementor-section-height-default\" data-id=\"7c9a6a0b\" data-element_type=\"section\" data-settings=\"{&quot;jet_parallax_layout_list&quot;:[],&quot;background_background&quot;:&quot;classic&quot;}\">\n\t\t\t\t\t\t\t<div class=\"elementor-background-overlay\"><\/div>\n\t\t\t\t\t\t\t<div class=\"elementor-container elementor-column-gap-default\">\n\t\t\t\t\t<div class=\"elementor-column elementor-col-100 elementor-top-column elementor-element elementor-element-79431b06\" data-id=\"79431b06\" data-element_type=\"column\">\n\t\t\t<div class=\"elementor-widget-wrap elementor-element-populated\">\n\t\t\t\t\t\t<div class=\"elementor-element elementor-element-79500d0a elementor-widget__width-initial elementor-widget elementor-widget-heading\" data-id=\"79500d0a\" data-element_type=\"widget\" data-widget_type=\"heading.default\">\n\t\t\t\t<div class=\"elementor-widget-container\">\n\t\t\t<h1 class=\"elementor-heading-title elementor-size-default\">NH\u00c0 H\u00c0NG<\/h1>\t\t<\/div>\n\t\t\t\t<\/div>\n\t\t\t\t<div class=\"elementor-element elementor-element-3cf46da2 elementor-widget__width-inherit elementor-widget elementor-widget-heading\" data-id=\"3cf46da2\" data-element_type=\"widget\" data-widget_type=\"heading.default\">\n\t\t\t\t<div class=\"elementor-widget-container\">\n\t\t\t<p class=\"elementor-heading-title elementor-size-default\">M\u1ed9t n\u01a1i l\u00fd t\u01b0\u1edfng cho nh\u1eefng tr\u1ea3i nghi\u1ec7m \u1ea9m th\u1ef1c \u0111\u1ed9c \u0111\u00e1o v\u00e0 kh\u00e1c bi\u1ec7t<\/p>\t\t<\/div>\n\t\t\t\t<\/div>\n\t\t\t\t<div class=\"elementor-element elementor-element-70b72d7b elementor-widget elementor-widget-spacer\" data-id=\"70b72d7b\" data-element_type=\"widget\" data-widget_type=\"spacer.default\">\n\t\t\t\t<div class=\"elementor-widget-container\">\n\t\t\t\t\t<div class=\"elementor-spacer\">\n\t\t\t<div class=\"elementor-spacer-inner\"><\/div>\n\t\t<\/div>\n\t\t\t\t<\/div>\n\t\t\t\t<\/div>\n\t\t\t\t\t<\/div>\n\t\t<\/div>\n\t\t\t\t\t<\/div>\n\t\t<\/section>\n\t\t<div class=\"elementor-element elementor-element-344a071 e-con-full e-flex e-con e-parent\" data-id=\"344a071\" data-element_type=\"container\" data-settings=\"{&quot;jet_parallax_layout_list&quot;:[]}\">\n\t\t\t\t<div class=\"elementor-element elementor-element-e0fa7ac elementor-widget elementor-widget-html\" data-id=\"e0fa7ac\" data-element_type=\"widget\" data-widget_type=\"html.default\">\n\t\t\t\t<div class=\"elementor-widget-container\">\n\t\t\t<!-- start Search form script -->\r\n<div id=\"block-search\">\r\n  <div id=\"be-search-form\" class=\"be-container\">\r\n    <a href=\"https:\/\/exely.com\/\" rel=\"nofollow\" target=\"_blank\">Hotel management software<\/a>\r\n  <\/div>\r\n<\/div>\r\n<!-- end Search form script -->\t\t<\/div>\n\t\t\t\t<\/div>\n\t\t\t\t<\/div>\n\t\t\t\t<section class=\"elementor-section elementor-top-section elementor-element elementor-element-531ef81 elementor-section-boxed elementor-section-height-default elementor-section-height-default\" data-id=\"531ef81\" data-element_type=\"section\" data-settings=\"{&quot;jet_parallax_layout_list&quot;:[]}\">\n\t\t\t\t\t\t<div class=\"elementor-container elementor-column-gap-default\">\n\t\t\t\t\t<div class=\"elementor-column elementor-col-100 elementor-top-column elementor-element elementor-element-8fe3f21\" data-id=\"8fe3f21\" data-element_type=\"column\">\n\t\t\t<div class=\"elementor-widget-wrap elementor-element-populated\">\n\t\t\t\t\t\t<div class=\"elementor-element elementor-element-48079561 elementor-widget elementor-widget-heading\" data-id=\"48079561\" data-element_type=\"widget\" data-widget_type=\"heading.default\">\n\t\t\t\t<div class=\"elementor-widget-container\">\n\t\t\t<p class=\"elementor-heading-title elementor-size-default\">NH\u00c0 H\u00c0NG &amp; BAR<\/p>\t\t<\/div>\n\t\t\t\t<\/div>\n\t\t\t\t<div class=\"elementor-element elementor-element-657ef138 elementor-widget elementor-widget-heading\" data-id=\"657ef138\" data-element_type=\"widget\" data-widget_type=\"heading.default\">\n\t\t\t\t<div class=\"elementor-widget-container\">\n\t\t\t<h2 class=\"elementor-heading-title elementor-size-default\">H\u00e0nh tr\u00ecnh \u1ea9m th\u1ef1c tinh t\u1ebf v\u00e0 \u0111\u1ed9c \u0111\u00e1o<\/h2>\t\t<\/div>\n\t\t\t\t<\/div>\n\t\t\t\t<div class=\"elementor-element elementor-element-bd8b300 elementor-widget elementor-widget-spacer\" data-id=\"bd8b300\" data-element_type=\"widget\" data-widget_type=\"spacer.default\">\n\t\t\t\t<div class=\"elementor-widget-container\">\n\t\t\t\t\t<div class=\"elementor-spacer\">\n\t\t\t<div class=\"elementor-spacer-inner\"><\/div>\n\t\t<\/div>\n\t\t\t\t<\/div>\n\t\t\t\t<\/div>\n\t\t\t\t\t<\/div>\n\t\t<\/div>\n\t\t\t\t\t<\/div>\n\t\t<\/section>\n\t\t<div class=\"elementor-element elementor-element-d1e1490 e-flex e-con-boxed e-con e-parent\" data-id=\"d1e1490\" data-element_type=\"container\" data-settings=\"{&quot;jet_parallax_layout_list&quot;:[]}\">\n\t\t\t\t\t<div class=\"e-con-inner\">\n\t\t\t\t<div class=\"elementor-element elementor-element-6af4815 elementor-widget elementor-widget-bdt-post-grid\" data-id=\"6af4815\" data-element_type=\"widget\" data-widget_type=\"bdt-post-grid.bdt-paddle\">\n\t\t\t\t<div class=\"elementor-widget-container\">\n\t\t\t \n\t\t<div id=\"bdt-post-grid-6af4815\" class=\"bdt-post-grid bdt-post-grid-skin-default\">\n\t  \t\t<div class=\"bdt-grid bdt-grid-small\" data-bdt-grid>\n\n\t\t\t\t\t\t  \t\t\t<div class=\"bdt-width-1-2@m bdt-primary\">\n\t\t\t\t\t\t\t\t<div class=\"bdt-post-grid-item bdt-transition-toggle bdt-position-relative\">\n\n\t\t\t<div class=\"bdt-post-grid-img-wrap bdt-overflow-hidden\">\n\t\t\t\t<a href=\"https:\/\/ahoyhoianresort.com\/vi\/dining\/cooking-class\/\" class=\"bdt-transition-scale-up bdt-background-cover bdt-transition-opaque bdt-flex\" title=\"COOKING CLASS\" style=\"background-image: url(https:\/\/ahoyhoianresort.com\/wp-content\/uploads\/2023\/04\/ahoy-seaweed-restaurant6-1.jpg)\">\n  \t\t\t\t<\/a>\n\t\t\t<\/div>\n\t\t\t<div class=\"bdt-custom-overlay bdt-position-cover\"><\/div>\n\n\t\t\t<div class=\"bdt-post-grid-desc bdt-position-medium bdt-position-bottom-left\">\n\n\t\t\t\t<h2 class=\"bdt-post-grid-title\">\n\t\t\t\t<a href=\"https:\/\/ahoyhoianresort.com\/vi\/dining\/cooking-class\/\" class=\"bdt-post-grid-link\" title=\"COOKING CLASS\">\n\t\t\t\t\tCOOKING CLASS\n\t\t\t\t<\/a>\n\t\t\t<\/h2>\n\t\t\t\t\n\t\t\t\t\t\t<div class=\"bdt-post-grid-excerpt\">\n\t\t\t<p>In the \"AHOY COOKING CLASS'' program, guests will have the opportunity to not only learn<\/p>\n\t\t<\/div>\n\n\t\t\t\t\t\t\t\t<div>\n\t\t\t<a href=\"https:\/\/ahoyhoianresort.com\/vi\/dining\/cooking-class\/\"\n\t\t\t\tclass=\"bdt-post-grid-readmore bdt-display-inline-block \">\n\t\t\t\tChi ti\u1ebft\t\n\t\t\t\t\t\t\t\t\t<span class=\"bdt-button-icon-align-right\">\n\t\n\t\t\t\t\t\t<i aria-hidden=\"true\" class=\"fa-fw flaticon flaticon-arrow\"><\/i>\t\n\t\t\t\t\t<\/span>\n\t\t\t\t\t\t\t<\/a>\n\t\t<\/div>\n\t\t\n\t\t\t<\/div>\n\n\t\t\t\t\t<div class=\"bdt-post-grid-category bdt-position-small bdt-position-top-left\">\n\n\t\t\t\t\t<\/div>\n\t\t\n\t\t<\/div>\n\t\t\t\t\t\t\t<\/div>\n\n\t\t\t\t\t\t  \t\t\t<div class=\"bdt-width-1-2@m bdt-primary\">\n\t\t\t\t\t\t\t\t<div class=\"bdt-post-grid-item bdt-transition-toggle bdt-position-relative\">\n\n\t\t\t<div class=\"bdt-post-grid-img-wrap bdt-overflow-hidden\">\n\t\t\t\t<a href=\"https:\/\/ahoyhoianresort.com\/vi\/dining\/afternoon-tea\/\" class=\"bdt-transition-scale-up bdt-background-cover bdt-transition-opaque bdt-flex\" title=\"AFTERNOON TEA\" style=\"background-image: url(https:\/\/ahoyhoianresort.com\/wp-content\/uploads\/2025\/08\/20210407-DSC03162.jpg)\">\n  \t\t\t\t<\/a>\n\t\t\t<\/div>\n\t\t\t<div class=\"bdt-custom-overlay bdt-position-cover\"><\/div>\n\n\t\t\t<div class=\"bdt-post-grid-desc bdt-position-medium bdt-position-bottom-left\">\n\n\t\t\t\t<h2 class=\"bdt-post-grid-title\">\n\t\t\t\t<a href=\"https:\/\/ahoyhoianresort.com\/vi\/dining\/afternoon-tea\/\" class=\"bdt-post-grid-link\" title=\"AFTERNOON TEA\">\n\t\t\t\t\tAFTERNOON TEA\n\t\t\t\t<\/a>\n\t\t\t<\/h2>\n\t\t\t\t\n\t\t\t\t\t\t<div class=\"bdt-post-grid-excerpt\">\n\t\t\t<p>A Taste of Tradition \u2013 Local Afternoon Tea in Hoi An Immerse yourself in the<\/p>\n\t\t<\/div>\n\n\t\t\t\t\t\t\t\t<div>\n\t\t\t<a href=\"https:\/\/ahoyhoianresort.com\/vi\/dining\/afternoon-tea\/\"\n\t\t\t\tclass=\"bdt-post-grid-readmore bdt-display-inline-block \">\n\t\t\t\tChi ti\u1ebft\t\n\t\t\t\t\t\t\t\t\t<span class=\"bdt-button-icon-align-right\">\n\t\n\t\t\t\t\t\t<i aria-hidden=\"true\" class=\"fa-fw flaticon flaticon-arrow\"><\/i>\t\n\t\t\t\t\t<\/span>\n\t\t\t\t\t\t\t<\/a>\n\t\t<\/div>\n\t\t\n\t\t\t<\/div>\n\n\t\t\t\t\t<div class=\"bdt-post-grid-category bdt-position-small bdt-position-top-left\">\n\n\t\t\t\t\t<\/div>\n\t\t\n\t\t<\/div>\n\t\t\t\t\t\t\t<\/div>\n\n\t\t\t\t\t\t  \t\t\t<div class=\"bdt-width-1-3@m bdt-secondary\">\n\t\t\t\t\t\t\t\t<div class=\"bdt-post-grid-item bdt-transition-toggle bdt-position-relative\">\n\n\t\t\t<div class=\"bdt-post-grid-img-wrap bdt-overflow-hidden\">\n\t\t\t\t<a href=\"https:\/\/ahoyhoianresort.com\/vi\/dining\/sailor-bar\/\" class=\"bdt-transition-scale-up bdt-background-cover bdt-transition-opaque bdt-flex\" title=\"SAILOR BAR\" style=\"background-image: url(https:\/\/ahoyhoianresort.com\/wp-content\/uploads\/2025\/08\/DSC6493-HDR-copy.jpg)\">\n  \t\t\t\t<\/a>\n\t\t\t<\/div>\n\t\t\t<div class=\"bdt-custom-overlay bdt-position-cover\"><\/div>\n\n\t\t\t<div class=\"bdt-post-grid-desc bdt-position-medium bdt-position-bottom-left\">\n\n\t\t\t\t<h2 class=\"bdt-post-grid-title\">\n\t\t\t\t<a href=\"https:\/\/ahoyhoianresort.com\/vi\/dining\/sailor-bar\/\" class=\"bdt-post-grid-link\" title=\"SAILOR BAR\">\n\t\t\t\t\tSAILOR BAR\n\t\t\t\t<\/a>\n\t\t\t<\/h2>\n\t\t\t\t\n\t\t\t\t\t\t<div class=\"bdt-post-grid-excerpt\">\n\t\t\t<p>Located in the heart of the resort between two swimming pools, the Sailor Bar welcomes<\/p>\n\t\t<\/div>\n\n\t\t\t\t\t\t\t\t<div>\n\t\t\t<a href=\"https:\/\/ahoyhoianresort.com\/vi\/dining\/sailor-bar\/\"\n\t\t\t\tclass=\"bdt-post-grid-readmore bdt-display-inline-block \">\n\t\t\t\tChi ti\u1ebft\t\n\t\t\t\t\t\t\t\t\t<span class=\"bdt-button-icon-align-right\">\n\t\n\t\t\t\t\t\t<i aria-hidden=\"true\" class=\"fa-fw flaticon flaticon-arrow\"><\/i>\t\n\t\t\t\t\t<\/span>\n\t\t\t\t\t\t\t<\/a>\n\t\t<\/div>\n\t\t\n\t\t\t<\/div>\n\n\t\t\t\t\t<div class=\"bdt-post-grid-category bdt-position-small bdt-position-top-left\">\n\n\t\t\t\t\t<\/div>\n\t\t\n\t\t<\/div>\n\t\t\t\t\t\t\t<\/div>\n\n\t\t\t\t\t\t  \t\t\t<div class=\"bdt-width-1-3@m bdt-secondary\">\n\t\t\t\t\t\t\t\t<div class=\"bdt-post-grid-item bdt-transition-toggle bdt-position-relative\">\n\n\t\t\t<div class=\"bdt-post-grid-img-wrap bdt-overflow-hidden\">\n\t\t\t\t<a href=\"https:\/\/ahoyhoianresort.com\/vi\/dining\/serenity-lounge\/\" class=\"bdt-transition-scale-up bdt-background-cover bdt-transition-opaque bdt-flex\" title=\"SERENITY LOUNGE\" style=\"background-image: url(https:\/\/ahoyhoianresort.com\/wp-content\/uploads\/2025\/08\/A741616-copy.jpg)\">\n  \t\t\t\t<\/a>\n\t\t\t<\/div>\n\t\t\t<div class=\"bdt-custom-overlay bdt-position-cover\"><\/div>\n\n\t\t\t<div class=\"bdt-post-grid-desc bdt-position-medium bdt-position-bottom-left\">\n\n\t\t\t\t<h2 class=\"bdt-post-grid-title\">\n\t\t\t\t<a href=\"https:\/\/ahoyhoianresort.com\/vi\/dining\/serenity-lounge\/\" class=\"bdt-post-grid-link\" title=\"SERENITY LOUNGE\">\n\t\t\t\t\tSERENITY LOUNGE\n\t\t\t\t<\/a>\n\t\t\t<\/h2>\n\t\t\t\t\n\t\t\t\t\t\t<div class=\"bdt-post-grid-excerpt\">\n\t\t\t<p>Serene Lounge is located on the ground floor adjacent to the reception area. Here, you<\/p>\n\t\t<\/div>\n\n\t\t\t\t\t\t\t\t<div>\n\t\t\t<a href=\"https:\/\/ahoyhoianresort.com\/vi\/dining\/serenity-lounge\/\"\n\t\t\t\tclass=\"bdt-post-grid-readmore bdt-display-inline-block \">\n\t\t\t\tChi ti\u1ebft\t\n\t\t\t\t\t\t\t\t\t<span class=\"bdt-button-icon-align-right\">\n\t\n\t\t\t\t\t\t<i aria-hidden=\"true\" class=\"fa-fw flaticon flaticon-arrow\"><\/i>\t\n\t\t\t\t\t<\/span>\n\t\t\t\t\t\t\t<\/a>\n\t\t<\/div>\n\t\t\n\t\t\t<\/div>\n\n\t\t\t\t\t<div class=\"bdt-post-grid-category bdt-position-small bdt-position-top-left\">\n\n\t\t\t\t\t<\/div>\n\t\t\n\t\t<\/div>\n\t\t\t\t\t\t\t<\/div>\n\n\t\t\t\t\t\t  \t\t\t<div class=\"bdt-width-1-3@m bdt-secondary\">\n\t\t\t\t\t\t\t\t<div class=\"bdt-post-grid-item bdt-transition-toggle bdt-position-relative\">\n\n\t\t\t<div class=\"bdt-post-grid-img-wrap bdt-overflow-hidden\">\n\t\t\t\t<a href=\"https:\/\/ahoyhoianresort.com\/vi\/dining\/seaweed-restaurant\/\" class=\"bdt-transition-scale-up bdt-background-cover bdt-transition-opaque bdt-flex\" title=\"SEAWEED RESTAURANT\" style=\"background-image: url(https:\/\/ahoyhoianresort.com\/wp-content\/uploads\/2025\/09\/DSC6540.jpg)\">\n  \t\t\t\t<\/a>\n\t\t\t<\/div>\n\t\t\t<div class=\"bdt-custom-overlay bdt-position-cover\"><\/div>\n\n\t\t\t<div class=\"bdt-post-grid-desc bdt-position-medium bdt-position-bottom-left\">\n\n\t\t\t\t<h2 class=\"bdt-post-grid-title\">\n\t\t\t\t<a href=\"https:\/\/ahoyhoianresort.com\/vi\/dining\/seaweed-restaurant\/\" class=\"bdt-post-grid-link\" title=\"SEAWEED RESTAURANT\">\n\t\t\t\t\tSEAWEED RESTAURANT\n\t\t\t\t<\/a>\n\t\t\t<\/h2>\n\t\t\t\t\n\t\t\t\t\t\t<div class=\"bdt-post-grid-excerpt\">\n\t\t\t<p>An ideal place for unique and distinctive culinary experiences Seaweed Restaurant, situated on the first<\/p>\n\t\t<\/div>\n\n\t\t\t\t\t\t\t\t<div>\n\t\t\t<a href=\"https:\/\/ahoyhoianresort.com\/vi\/dining\/seaweed-restaurant\/\"\n\t\t\t\tclass=\"bdt-post-grid-readmore bdt-display-inline-block \">\n\t\t\t\tChi ti\u1ebft\t\n\t\t\t\t\t\t\t\t\t<span class=\"bdt-button-icon-align-right\">\n\t\n\t\t\t\t\t\t<i aria-hidden=\"true\" class=\"fa-fw flaticon flaticon-arrow\"><\/i>\t\n\t\t\t\t\t<\/span>\n\t\t\t\t\t\t\t<\/a>\n\t\t<\/div>\n\t\t\n\t\t\t<\/div>\n\n\t\t\t\t\t<div class=\"bdt-post-grid-category bdt-position-small bdt-position-top-left\">\n\n\t\t\t\t\t<\/div>\n\t\t\n\t\t<\/div>\n\t\t\t\t\t\t\t<\/div>\n\n\t\t\t\t\t\t\t<\/div>\n\t\t<\/div>\n\t\n \t\t\t\t<\/div>\n\t\t\t\t<\/div>\n\t\t\t\t<div class=\"elementor-element elementor-element-cd0ff50 elementor-widget elementor-widget-spacer\" data-id=\"cd0ff50\" data-element_type=\"widget\" data-widget_type=\"spacer.default\">\n\t\t\t\t<div class=\"elementor-widget-container\">\n\t\t\t\t\t<div class=\"elementor-spacer\">\n\t\t\t<div class=\"elementor-spacer-inner\"><\/div>\n\t\t<\/div>\n\t\t\t\t<\/div>\n\t\t\t\t<\/div>\n\t\t\t\t\t<\/div>\n\t\t\t\t<\/div>\n\t\t\t\t<\/div>\n\t\t","protected":false},"excerpt":{"rendered":"<p>NH\u00c0 H\u00c0NG M\u1ed9t n\u01a1i l\u00fd t\u01b0\u1edfng cho nh\u1eefng tr\u1ea3i nghi\u1ec7m \u1ea9m th\u1ef1c \u0111\u1ed9c \u0111\u00e1o v\u00e0 kh\u00e1c bi\u1ec7t Hotel management software &hellip;<\/p>\n<p class=\"read-more\"> <a class=\"ast-button\" href=\"https:\/\/ahoyhoianresort.com\/vi\/dining\/seaweed-restaurant\/\"> <span class=\"screen-reader-text\">SEAWEED RESTAURANT<\/span> Read More \u00bb<\/a><\/p>\n","protected":false},"author":1,"featured_media":0,"parent":0,"menu_order":0,"comment_status":"closed","ping_status":"closed","template":"","meta":{"site-sidebar-layout":"no-sidebar","site-content-layout":"page-builder","ast-global-header-display":"","ast-main-header-display":"","ast-hfb-above-header-display":"","ast-hfb-below-header-display":"","ast-hfb-mobile-header-display":"","site-post-title":"disabled","ast-breadcrumbs-content":"","ast-featured-img":"disabled","footer-sml-layout":"","theme-transparent-header-meta":"enabled","adv-header-id-meta":"","stick-header-meta":"enabled","header-above-stick-meta":"","header-main-stick-meta":"on","header-below-stick-meta":"","footnotes":""},"class_list":["post-6746","page","type-page","status-publish","hentry"],"_links":{"self":[{"href":"https:\/\/ahoyhoianresort.com\/vi\/wp-json\/wp\/v2\/pages\/6746","targetHints":{"allow":["GET"]}}],"collection":[{"href":"https:\/\/ahoyhoianresort.com\/vi\/wp-json\/wp\/v2\/pages"}],"about":[{"href":"https:\/\/ahoyhoianresort.com\/vi\/wp-json\/wp\/v2\/types\/page"}],"author":[{"embeddable":true,"href":"https:\/\/ahoyhoianresort.com\/vi\/wp-json\/wp\/v2\/users\/1"}],"replies":[{"embeddable":true,"href":"https:\/\/ahoyhoianresort.com\/vi\/wp-json\/wp\/v2\/comments?post=6746"}],"version-history":[{"count":16,"href":"https:\/\/ahoyhoianresort.com\/vi\/wp-json\/wp\/v2\/pages\/6746\/revisions"}],"predecessor-version":[{"id":7191,"href":"https:\/\/ahoyhoianresort.com\/vi\/wp-json\/wp\/v2\/pages\/6746\/revisions\/7191"}],"wp:attachment":[{"href":"https:\/\/ahoyhoianresort.com\/vi\/wp-json\/wp\/v2\/media?parent=6746"}],"curies":[{"name":"wp","href":"https:\/\/api.w.org\/{rel}","templated":true}]}}